{"id":259,"date":"2016-09-28T17:01:41","date_gmt":"2016-09-28T17:01:41","guid":{"rendered":"http:\/\/localhost\/2016\/metcompczech\/?page_id=259"},"modified":"2020-05-29T08:42:39","modified_gmt":"2020-05-29T08:42:39","slug":"o-nas","status":"publish","type":"page","link":"https:\/\/metcomp.cz\/de\/uber-uns\/","title":{"rendered":"\u00dcber uns"},"content":{"rendered":"<p><\/p>\n<h2>\u00dcber uns METCOMP CZECH<\/h2>\n<p style=\"text-align: justify;\">Die Gesellschaft METCOMP CZECH s.r.o. wurde im Jahr 2000 mit einem mehrheitlich tschechischen Kapitalanteil gegr\u00fcndet. Die Hauptaktivit\u00e4t der Gesellschaft sind Auftragsarbeiten im Metallbau.<\/p>\n<p style=\"text-align: justify;\">Der Schwerpunkt von METCOMP CZECH s.r.o. ist die Umsetzung komplexer Lieferungen von Bauteilen und -gruppen nach Kundenvorgabe. In diesem Bereich dominiert die Produktion von Komponenten f\u00fcr Stahlkonstruktionen von Hallen und Lagern. Vervollst\u00e4ndigt wird das Produktionsprogramm durch eine Reihe kleinerer Bauteile wie etwa die Konstruktion von Maschinen, Werbetr\u00e4gern, Baubeschl\u00e4gen, M\u00f6belteilen und diversen Typen von Metallhalterungen. Der \u00fcberwiegende Teil der Produktion wird an Stammkunden in EU-L\u00e4ndern geliefert.<\/p>\n<p style=\"text-align: justify;\">Eine moderne Produktionsbasis erm\u00f6glicht es uns ein breites Sortiment an Metall-Halbzeugen zu verarbeiten. Das anschlie\u00dfende Schmelzschwei\u00dfverfahren ist gem\u00e4\u00df EN 1090-1,2 und EN ISO 3834-2 zertifiziert. Eine Selbstverst\u00e4ndlichkeit f\u00fcr uns ist die Oberfl\u00e4chenbehandlung der Produkte wie Pulverbeschichten, Feuerverzinken oder galvanisches Verzinken nach Kundenwunsch. Die Oberfl\u00e4chenbehandlungen erfolgen in Zusammenarbeit mit lokalen Fachbetrieben.<\/p>\n<p style=\"text-align: justify;\">Produktqualit\u00e4t, kurze Lieferzeiten sowie attraktive Preise sind f\u00fcr uns die ausschlaggebenden Parameter bei der Zusammenarbeit mit unseren Kunden. Vom hohen Niveau unserer Dienstleistungen zeugt die langj\u00e4hrige Zusammenarbeit mit bedeutenden europ\u00e4ischen Unternehmen.<\/p>\n<div class='content-column two_third'><div style=\"padding-right:20px;\"><div id=\"envira-gallery-wrap-337\" class=\"envira-gallery-wrap envira-gallery-theme-base envira-lightbox-theme-base\" itemscope itemtype=\"https:\/\/schema.org\/ImageGallery\"><div data-row-height=\"\" data-gallery-theme=\"\" id=\"envira-gallery-337\" class=\"envira-gallery-public  envira-gallery-3-columns envira-clear enviratope envira-gallery-css-animations\" data-envira-columns=\"3\"><div id=\"envira-gallery-item-924\" class=\"envira-gallery-item enviratope-item envira-gallery-item-1\" style=\"padding-left: 5px; padding-bottom: 10px; padding-right: 5px;\"  itemscope itemtype=\"https:\/\/schema.org\/ImageObject\"><div class=\"envira-gallery-item-inner\"><div class=\"envira-gallery-position-overlay  envira-gallery-top-left\"><\/div><div class=\"envira-gallery-position-overlay  envira-gallery-top-right\"><\/div><div class=\"envira-gallery-position-overlay  envira-gallery-bottom-left\"><\/div><div class=\"envira-gallery-position-overlay  envira-gallery-bottom-right\"><\/div><a href=\"http:\/\/metcomp.cz\/wp-content\/uploads\/2016\/11\/DJI_0016.jpg\" class=\"envira-gallery-337 envira-gallery-link\" rel=\"enviragallery337\" title=\"DCIM100MEDIADJI_0016.JPG\" data-envira-caption=\"DCIM100MEDIADJI_0016.JPG\" data-envira-retina=\"\" data-thumbnail=\"\"  itemprop=\"contentUrl\"><div class=\"envira-lazy\" data-test-width=\"640\" data-test-height=\"480\" style=\"padding-bottom:75%;\"><img id=\"envira-gallery-image-924\" class=\"envira-gallery-image envira-gallery-image-1\" data-envira-index=\"1\" src=\"https:\/\/metcomp.cz\/wp-content\/uploads\/2016\/11\/DJI_0016-1024x576.jpg\" data-envira-src=\"https:\/\/metcomp.cz\/wp-content\/uploads\/2016\/11\/DJI_0016-1024x576.jpg\" data-envira-gallery-id=\"337\" data-envira-item-id=\"924\" data-envira-caption=\"DCIM100MEDIADJI_0016.JPG\" alt=\"\" title=\"DCIM100MEDIADJI_0016.JPG\"  itemprop=\"thumbnailUrl\" data-envira-srcset=\"https:\/\/metcomp.cz\/wp-content\/uploads\/2016\/11\/DJI_0016-1024x576.jpg 400w,https:\/\/metcomp.cz\/wp-content\/uploads\/2016\/11\/DJI_0016-1024x576.jpg 2x\" srcset=\"data:image\/gif;base64,R0lGODlhAQABAIAAAP\/\/\/\/\/\/\/yH5BAEKAAEALAAAAAABAAEAAAICTAEAOw==\" \/><\/div><\/a><\/div><\/div><div id=\"envira-gallery-item-925\" class=\"envira-gallery-item enviratope-item envira-gallery-item-2\" style=\"padding-left: 5px; padding-bottom: 10px; padding-right: 5px;\"  itemscope itemtype=\"https:\/\/schema.org\/ImageObject\"><div class=\"envira-gallery-item-inner\"><div class=\"envira-gallery-position-overlay  envira-gallery-top-left\"><\/div><div class=\"envira-gallery-position-overlay  envira-gallery-top-right\"><\/div><div class=\"envira-gallery-position-overlay  envira-gallery-bottom-left\"><\/div><div class=\"envira-gallery-position-overlay  envira-gallery-bottom-right\"><\/div><a href=\"http:\/\/metcomp.cz\/wp-content\/uploads\/2016\/11\/DJI_0018.jpg\" class=\"envira-gallery-337 envira-gallery-link\" rel=\"enviragallery337\" title=\"DCIM100MEDIADJI_0018.JPG\" data-envira-caption=\"DCIM100MEDIADJI_0018.JPG\" data-envira-retina=\"\" data-thumbnail=\"\"  itemprop=\"contentUrl\"><div class=\"envira-lazy\" data-test-width=\"640\" data-test-height=\"480\" style=\"padding-bottom:75%;\"><img id=\"envira-gallery-image-925\" class=\"envira-gallery-image envira-gallery-image-2\" data-envira-index=\"2\" src=\"https:\/\/metcomp.cz\/wp-content\/uploads\/2016\/11\/DJI_0018-1024x576.jpg\" data-envira-src=\"https:\/\/metcomp.cz\/wp-content\/uploads\/2016\/11\/DJI_0018-1024x576.jpg\" data-envira-gallery-id=\"337\" data-envira-item-id=\"925\" data-envira-caption=\"DCIM100MEDIADJI_0018.JPG\" alt=\"\" title=\"DCIM100MEDIADJI_0018.JPG\"  itemprop=\"thumbnailUrl\" data-envira-srcset=\"https:\/\/metcomp.cz\/wp-content\/uploads\/2016\/11\/DJI_0018-1024x576.jpg 400w,https:\/\/metcomp.cz\/wp-content\/uploads\/2016\/11\/DJI_0018-1024x576.jpg 2x\" srcset=\"data:image\/gif;base64,R0lGODlhAQABAIAAAP\/\/\/\/\/\/\/yH5BAEKAAEALAAAAAABAAEAAAICTAEAOw==\" \/><\/div><\/a><\/div><\/div><div id=\"envira-gallery-item-926\" class=\"envira-gallery-item enviratope-item envira-gallery-item-3\" style=\"padding-left: 5px; padding-bottom: 10px; padding-right: 5px;\"  itemscope itemtype=\"https:\/\/schema.org\/ImageObject\"><div class=\"envira-gallery-item-inner\"><div class=\"envira-gallery-position-overlay  envira-gallery-top-left\"><\/div><div class=\"envira-gallery-position-overlay  envira-gallery-top-right\"><\/div><div class=\"envira-gallery-position-overlay  envira-gallery-bottom-left\"><\/div><div class=\"envira-gallery-position-overlay  envira-gallery-bottom-right\"><\/div><a href=\"http:\/\/metcomp.cz\/wp-content\/uploads\/2016\/11\/DJI_0020.jpg\" class=\"envira-gallery-337 envira-gallery-link\" rel=\"enviragallery337\" title=\"DCIM100MEDIADJI_0020.JPG\" data-envira-caption=\"DCIM100MEDIADJI_0020.JPG\" data-envira-retina=\"\" data-thumbnail=\"\"  itemprop=\"contentUrl\"><div class=\"envira-lazy\" data-test-width=\"640\" data-test-height=\"480\" style=\"padding-bottom:75%;\"><img id=\"envira-gallery-image-926\" class=\"envira-gallery-image envira-gallery-image-3\" data-envira-index=\"3\" src=\"https:\/\/metcomp.cz\/wp-content\/uploads\/2016\/11\/DJI_0020-1024x576.jpg\" data-envira-src=\"https:\/\/metcomp.cz\/wp-content\/uploads\/2016\/11\/DJI_0020-1024x576.jpg\" data-envira-gallery-id=\"337\" data-envira-item-id=\"926\" data-envira-caption=\"DCIM100MEDIADJI_0020.JPG\" alt=\"\" title=\"DCIM100MEDIADJI_0020.JPG\"  itemprop=\"thumbnailUrl\" data-envira-srcset=\"https:\/\/metcomp.cz\/wp-content\/uploads\/2016\/11\/DJI_0020-1024x576.jpg 400w,https:\/\/metcomp.cz\/wp-content\/uploads\/2016\/11\/DJI_0020-1024x576.jpg 2x\" srcset=\"data:image\/gif;base64,R0lGODlhAQABAIAAAP\/\/\/\/\/\/\/yH5BAEKAAEALAAAAAABAAEAAAICTAEAOw==\" \/><\/div><\/a><\/div><\/div><\/div><\/div><noscript><img src=\"https:\/\/metcomp.cz\/wp-content\/uploads\/2016\/11\/DJI_0016-e1504268942865.jpg\" alt=\"\" \/><img src=\"https:\/\/metcomp.cz\/wp-content\/uploads\/2016\/11\/DJI_0018-e1677403313881.jpg\" alt=\"\" \/><img src=\"https:\/\/metcomp.cz\/wp-content\/uploads\/2016\/11\/DJI_0020-e1677403522954.jpg\" alt=\"\" \/><\/noscript><\/p><\/div><\/div>\n<div class='content-column one_third last_column'><div style=\"padding-left:50px;\"><p><span style=\"color: #274fa4;\"><i class=\"fa fa-check-square-o fa- \" ><\/i><\/span>\u00a0 60 Mitarbeiter<\/p>\n<p><span style=\"color: #274fa4;\"><i class=\"fa fa-check-square-o fa- \" ><\/i><\/span>\u00a0 Jahresumsatz von 8 Millionen Euro<\/p>\n<p><span style=\"color: #274fa4;\"><i class=\"fa fa-check-square-o fa- \" ><\/i><\/span>\u00a0 Produktionsst\u00e4tten 10.000 m<sup>2<\/sup><\/p>\n<p><span style=\"color: #274fa4;\"><i class=\"fa fa-check-square-o fa- \" ><\/i><\/span>\u00a0 ein zuverl\u00e4ssiger Partner seit 2000<\/p><\/div><\/div><div class='clear_column'><\/div><\/p>","protected":false},"excerpt":{"rendered":"<p>\u00dcber uns METCOMP CZECH Die Gesellschaft METCOMP CZECH s.r.o. wurde im Jahr 2000 mit einem mehrheitlich tschechischen Kapitalanteil gegr\u00fcndet. Die Hauptaktivit\u00e4t der Gesellschaft sind Auftragsarbeiten im Metallbau. Der Schwerpunkt von METCOMP CZECH s.r.o. ist die Umsetzung komplexer Lieferungen von Bauteilen und -gruppen nach Kundenvorgabe. In diesem Bereich dominiert die Produktion von Komponenten f\u00fcr Stahlkonstruktionen von [&hellip;]<\/p>\n","protected":false},"author":1,"featured_media":0,"parent":0,"menu_order":21,"comment_status":"closed","ping_status":"closed","template":"","meta":[],"_links":{"self":[{"href":"https:\/\/metcomp.cz\/de\/wp-json\/wp\/v2\/pages\/259"}],"collection":[{"href":"https:\/\/metcomp.cz\/de\/wp-json\/wp\/v2\/pages"}],"about":[{"href":"https:\/\/metcomp.cz\/de\/wp-json\/wp\/v2\/types\/page"}],"author":[{"embeddable":true,"href":"https:\/\/metcomp.cz\/de\/wp-json\/wp\/v2\/users\/1"}],"replies":[{"embeddable":true,"href":"https:\/\/metcomp.cz\/de\/wp-json\/wp\/v2\/comments?post=259"}],"version-history":[{"count":38,"href":"https:\/\/metcomp.cz\/de\/wp-json\/wp\/v2\/pages\/259\/revisions"}],"predecessor-version":[{"id":930,"href":"https:\/\/metcomp.cz\/de\/wp-json\/wp\/v2\/pages\/259\/revisions\/930"}],"wp:attachment":[{"href":"https:\/\/metcomp.cz\/de\/wp-json\/wp\/v2\/media?parent=259"}],"curies":[{"name":"wp","href":"https:\/\/api.w.org\/{rel}","templated":true}]}}