{"id":550,"date":"2016-10-11T13:55:37","date_gmt":"2016-10-11T13:55:37","guid":{"rendered":"http:\/\/metcomp.cz\/?page_id=550"},"modified":"2016-11-07T22:29:45","modified_gmt":"2016-11-07T22:29:45","slug":"plasmove-a-acetylenove-deleni","status":"publish","type":"page","link":"https:\/\/metcomp.cz\/de\/technologien\/plasma-und-acetylen-schneiden\/","title":{"rendered":"Plasma und acetylen schneiden"},"content":{"rendered":"<p>[vc_row][vc_column width=&#8220;1\/3&#8243;][vc_single_image image=&#8220;858&#8243; img_size=&#8220;full&#8220; onclick=&#8220;link_image&#8220;][\/vc_column][vc_column width=&#8220;2\/3&#8243;][vc_column_text]<\/p>\n<h2>PLASMA UND ACETYLEN SCHNEIDEN<\/h2>\n<ul>\n<li><span style=\"font-size: 16px;\">Hypertherm HPR 130<\/span><\/li>\n<li><span style=\"font-size: 16px;\">Maximale Werkst\u00fcckgr\u00f6\u00dfe 2000&#215;8000 mm<\/span><\/li>\n<li><span style=\"font-size: 16px;\">Konstruktionsstahl 0,5\u00f7200 mm<\/span><\/li>\n<li><span style=\"font-size: 16px;\">Edelstahl 0,8\u00f720 mm<\/span><\/li>\n<li><span style=\"font-size: 16px;\">Aluminium 1,2\u00f720 mm<\/span><\/li>\n<li><span style=\"font-size: 16px;\">Genauigkeit +\/- 0,5 mm<\/span><\/li>\n<\/ul>\n<p>[\/vc_column_text][\/vc_column][\/vc_row][vc_row][vc_column][vc_empty_space height=&#8220;12px&#8220;][\/vc_column][\/vc_row][vc_row][vc_column][vc_gallery type=&#8220;image_grid&#8220; images=&#8220;857,859,860,861&#8243; img_size=&#8220;290&#215;195&#8243;][\/vc_column][\/vc_row]<\/p>","protected":false},"excerpt":{"rendered":"<p>[vc_row][vc_column width=&#8220;1\/3&#8243;][vc_single_image image=&#8220;858&#8243; img_size=&#8220;full&#8220; onclick=&#8220;link_image&#8220;][\/vc_column][vc_column width=&#8220;2\/3&#8243;][vc_column_text] PLASMA UND ACETYLEN SCHNEIDEN Hypertherm HPR 130 Maximale Werkst\u00fcckgr\u00f6\u00dfe 2000&#215;8000 mm Konstruktionsstahl 0,5\u00f7200 mm Edelstahl 0,8\u00f720 mm Aluminium 1,2\u00f720 mm Genauigkeit +\/- 0,5 mm [\/vc_column_text][\/vc_column][\/vc_row][vc_row][vc_column][vc_empty_space height=&#8220;12px&#8220;][\/vc_column][\/vc_row][vc_row][vc_column][vc_gallery type=&#8220;image_grid&#8220; images=&#8220;857,859,860,861&#8243; img_size=&#8220;290&#215;195&#8243;][\/vc_column][\/vc_row]<\/p>\n","protected":false},"author":1,"featured_media":0,"parent":249,"menu_order":13,"comment_status":"closed","ping_status":"closed","template":"","meta":[],"_links":{"self":[{"href":"https:\/\/metcomp.cz\/de\/wp-json\/wp\/v2\/pages\/550"}],"collection":[{"href":"https:\/\/metcomp.cz\/de\/wp-json\/wp\/v2\/pages"}],"about":[{"href":"https:\/\/metcomp.cz\/de\/wp-json\/wp\/v2\/types\/page"}],"author":[{"embeddable":true,"href":"https:\/\/metcomp.cz\/de\/wp-json\/wp\/v2\/users\/1"}],"replies":[{"embeddable":true,"href":"https:\/\/metcomp.cz\/de\/wp-json\/wp\/v2\/comments?post=550"}],"version-history":[{"count":8,"href":"https:\/\/metcomp.cz\/de\/wp-json\/wp\/v2\/pages\/550\/revisions"}],"predecessor-version":[{"id":919,"href":"https:\/\/metcomp.cz\/de\/wp-json\/wp\/v2\/pages\/550\/revisions\/919"}],"up":[{"embeddable":true,"href":"https:\/\/metcomp.cz\/de\/wp-json\/wp\/v2\/pages\/249"}],"wp:attachment":[{"href":"https:\/\/metcomp.cz\/de\/wp-json\/wp\/v2\/media?parent=550"}],"curies":[{"name":"wp","href":"https:\/\/api.w.org\/{rel}","templated":true}]}}