{"id":554,"date":"2016-10-11T15:37:00","date_gmt":"2016-10-11T15:37:00","guid":{"rendered":"http:\/\/metcomp.cz\/?page_id=554"},"modified":"2016-11-07T22:30:29","modified_gmt":"2016-11-07T22:30:29","slug":"rezani","status":"publish","type":"page","link":"https:\/\/metcomp.cz\/de\/technologien\/sagen\/","title":{"rendered":"S\u00e4gen"},"content":{"rendered":"<p>[vc_row][vc_column width=&#8220;1\/3&#8243;][vc_single_image image=&#8220;883&#8243; img_size=&#8220;full&#8220; onclick=&#8220;link_image&#8220;][\/vc_column][vc_column width=&#8220;2\/3&#8243;][vc_column_text]<\/p>\n<h2>GROSSE BANDS\u00c4GE<\/h2>\n<ul>\n<li><span style=\"font-size: 16px;\">Schnittbreite\/h\u00f6he 630&#215;360<\/span><\/li>\n<li><span style=\"font-size: 16px;\">Schnittwinkel -30\u00b0 bis 60\u00b0<\/span><\/li>\n<li><span style=\"font-size: 16px;\">S\u00e4gen von Profilpaketen<\/span><\/li>\n<li><span style=\"font-size: 16px;\">Werkst\u00fcckl\u00e4nge 15 m<\/span><\/li>\n<\/ul>\n<h2>KLEINE BANDS\u00c4GE<\/h2>\n<ul>\n<li><span style=\"font-size: 16px;\">Schnittbreite\/h\u00f6he 250&#215;250 mm<\/span><\/li>\n<li><span style=\"font-size: 16px;\">Schnittwinkel -30\u00b0 bis 60\u00b0<\/span><\/li>\n<li><span style=\"font-size: 16px;\">Werkst\u00fcckl\u00e4nge 6 m<\/span><\/li>\n<\/ul>\n<h2>BANDS\u00c4GE (PEGAS CAMEL)<\/h2>\n<ul>\n<li><span style=\"font-size: 16px;\">Mit automatischen Zuf\u00fchrung ist 6 Meter<\/span><\/li>\n<li><span style=\"font-size: 16px;\">Max. L\u00e4nge 15 m<\/span><\/li>\n<li><span style=\"font-size: 16px;\">Schneidteile Volumen 600&#215;400 mm<\/span><\/li>\n<\/ul>\n<p>[\/vc_column_text][\/vc_column][\/vc_row][vc_row][vc_column][vc_empty_space height=&#8220;12px&#8220;][\/vc_column][\/vc_row][vc_row][vc_column][vc_gallery type=&#8220;image_grid&#8220; images=&#8220;879,882,881,880&#8243; img_size=&#8220;290&#215;195&#8243;][\/vc_column][\/vc_row]<\/p>","protected":false},"excerpt":{"rendered":"<p>[vc_row][vc_column width=&#8220;1\/3&#8243;][vc_single_image image=&#8220;883&#8243; img_size=&#8220;full&#8220; onclick=&#8220;link_image&#8220;][\/vc_column][vc_column width=&#8220;2\/3&#8243;][vc_column_text] GROSSE BANDS\u00c4GE Schnittbreite\/h\u00f6he 630&#215;360 Schnittwinkel -30\u00b0 bis 60\u00b0 S\u00e4gen von Profilpaketen Werkst\u00fcckl\u00e4nge 15 m KLEINE BANDS\u00c4GE Schnittbreite\/h\u00f6he 250&#215;250 mm Schnittwinkel -30\u00b0 bis 60\u00b0 Werkst\u00fcckl\u00e4nge 6 m BANDS\u00c4GE (PEGAS CAMEL) Mit automatischen Zuf\u00fchrung ist 6 Meter Max. L\u00e4nge 15 m Schneidteile Volumen 600&#215;400 mm [\/vc_column_text][\/vc_column][\/vc_row][vc_row][vc_column][vc_empty_space height=&#8220;12px&#8220;][\/vc_column][\/vc_row][vc_row][vc_column][vc_gallery type=&#8220;image_grid&#8220; images=&#8220;879,882,881,880&#8243; img_size=&#8220;290&#215;195&#8243;][\/vc_column][\/vc_row]<\/p>\n","protected":false},"author":1,"featured_media":0,"parent":249,"menu_order":11,"comment_status":"closed","ping_status":"closed","template":"","meta":[],"_links":{"self":[{"href":"https:\/\/metcomp.cz\/de\/wp-json\/wp\/v2\/pages\/554"}],"collection":[{"href":"https:\/\/metcomp.cz\/de\/wp-json\/wp\/v2\/pages"}],"about":[{"href":"https:\/\/metcomp.cz\/de\/wp-json\/wp\/v2\/types\/page"}],"author":[{"embeddable":true,"href":"https:\/\/metcomp.cz\/de\/wp-json\/wp\/v2\/users\/1"}],"replies":[{"embeddable":true,"href":"https:\/\/metcomp.cz\/de\/wp-json\/wp\/v2\/comments?post=554"}],"version-history":[{"count":5,"href":"https:\/\/metcomp.cz\/de\/wp-json\/wp\/v2\/pages\/554\/revisions"}],"predecessor-version":[{"id":920,"href":"https:\/\/metcomp.cz\/de\/wp-json\/wp\/v2\/pages\/554\/revisions\/920"}],"up":[{"embeddable":true,"href":"https:\/\/metcomp.cz\/de\/wp-json\/wp\/v2\/pages\/249"}],"wp:attachment":[{"href":"https:\/\/metcomp.cz\/de\/wp-json\/wp\/v2\/media?parent=554"}],"curies":[{"name":"wp","href":"https:\/\/api.w.org\/{rel}","templated":true}]}}