{"id":62,"date":"2016-08-11T11:45:43","date_gmt":"2016-08-11T11:45:43","guid":{"rendered":"http:\/\/localhost\/2015\/jas\/?page_id=62"},"modified":"2025-07-25T11:34:09","modified_gmt":"2025-07-25T11:34:09","slug":"kontakt","status":"publish","type":"page","link":"https:\/\/metcomp.cz\/de\/kontakt\/","title":{"rendered":"Kontakt"},"content":{"rendered":"<p><\/p>\n<h2 class=\"smaller-bottom-padding\">Kontakt informationen<\/h2>\n<div class='content-column one_third specialnatrieda'><div style=\"padding-top:10;\">Sie m\u00fcssen Informationen oder Ratschl\u00e4ge finden?<br \/><\/div><\/div><div class='content-column one_third specialnatrieda right'><i class=\"fa fa-phone\"><\/i> Rufen Sie uns an:\u00a0<span style=\"color: #274fa4;\"><span style=\"font-size: 20px;\">+420 775 646 409<\/span><\/span><\/div><div class='content-column one_third specialnatrieda right'><i class=\"fa fa-envelope-o\"><\/i> oder schreiben Sie uns an <span style=\"font-size: 20px;\"><a href=\"mailto:info@metcomp.cz\"><span style=\"color: #274fa4;\">info@metcomp.cz<\/span><\/a><\/span><\/div>\n<hr \/>\n<div class='content-column one_fifth malepismo'><strong style=\"font-size: 20px; color: #274fa4;\">REGIE<\/strong><\/p>\n<p style=\"font-size: 16px !important;\">Ing. Radim Karpeta<\/p>\n<p style=\"font-size: 16px !important;\">+420 608 484 809<\/p>\n<p>e-mail: karpeta@metcomp.cz<br \/><\/div>\n<div class='content-column one_fifth malepismo'><strong style=\"font-size: 20px; color: #274fa4;\">HANDEL<\/strong><\/p>\n<p style=\"font-size: 16px !important;\">Ing. Tom\u00e1\u0161 Karpeta<\/p>\n<p style=\"font-size: 16px !important;\">+420 775 646 409<\/p>\n<p>e-mail: tkarpeta@metcomp.cz<br \/><\/div>\n<div class='content-column one_fifth malepismo'><strong style=\"font-size: 20px; color: #274fa4;\">PRODUKTION<\/strong><\/p>\n<p style=\"font-size: 16px !important;\">Martin Jare\u0161<\/p>\n<p style=\"font-size: 16px !important;\">+420 775 646 408<\/p>\n<p>e-mail: jares@metcomp.cz<br \/><\/div>\n<div class='content-column one_fifth malepismo'><strong style=\"font-size: 20px; color: #274fa4;\">KAUF<\/strong><\/p>\n<p style=\"font-size: 16px !important;\">Luk\u00e1\u0161 Barto\u0161<\/p>\n<p style=\"font-size: 16px !important;\">+420 734 151 800<\/p>\n<p>e-mail: bartos@metcomp.cz<br \/><\/div>\n<div class='content-column one_fifth malepismo'><b style=\"font-size: 20px; color: #274fa4;\">IWE<\/b><\/p>\n<p style=\"font-size: 16px !important;\">Ing. Radim Karpeta<\/p>\n<p style=\"font-size: 16px !important;\">+420 608 484 809<\/p>\n<p>e-mail: karpeta@metcomp.cz<br \/><\/div>\n<hr \/>\n<div class='content-column one_half'><p><strong>Firmensitz<\/strong><\/p>\n<div class='content-column one_third malepismo'>METCOMP CZECH s.r.o.<\/p>\n<p>T\u011brlick\u00e1 1198<br \/>\n735 35 Horn\u00ed Such\u00e1<br \/>\n\u010cesk\u00e1 republika<\/p>\n<p>I\u010c: 25872702<br \/>\nDI\u010c: CZ25872702<\/p><\/div>\n<div class='content-column two_third last_column'><div style=\"padding-right:30px;\"><p><iframe loading=\"lazy\" src=\"https:\/\/www.google.com\/maps\/embed?pb=!1m14!1m8!1m3!1d2165.557224781708!2d18.474726253038433!3d49.79930148051918!3m2!1i1024!2i768!4f13.1!3m3!1m2!1s0x0%3A0x519317797d084844!2sMETCOMP+CZECH+s.r.o.!5e0!3m2!1scs!2scz!4v1476238989110\" width=\"100%\" height=\"200\" frameborder=\"0\" allowfullscreen=\"allowfullscreen\"><\/iframe><\/p><\/div><\/div><div class='clear_column'><\/div><\/div>\n<div class='content-column one_half last_column'><p><strong>Schreiben Sie uns<\/strong><\/p>\n<div role=\"form\" class=\"wpcf7\" id=\"wpcf7-f67-o2\" lang=\"cs-CZ\" dir=\"ltr\">\n<div class=\"screen-reader-response\" aria-live=\"polite\"><\/div>\n<form action=\"\/de\/wp-json\/wp\/v2\/pages\/62#wpcf7-f67-o2\" method=\"post\" class=\"wpcf7-form\" novalidate=\"novalidate\">\n<div style=\"display: none;\">\n<input type=\"hidden\" name=\"_wpcf7\" value=\"67\" \/>\n<input type=\"hidden\" name=\"_wpcf7_version\" value=\"5.1.9\" \/>\n<input type=\"hidden\" name=\"_wpcf7_locale\" value=\"cs_CZ\" \/>\n<input type=\"hidden\" name=\"_wpcf7_unit_tag\" value=\"wpcf7-f67-o2\" \/>\n<input type=\"hidden\" name=\"_wpcf7_container_post\" value=\"0\" \/>\n<\/div>\n<p><span class=\"wpcf7-form-control-wrap your-name\"><input type=\"text\" name=\"your-name\" value=\"\" size=\"40\" class=\"wpcf7-form-control wpcf7-text wpcf7-validates-as-required\" aria-required=\"true\" aria-invalid=\"false\" placeholder=\"Vor- und Nachname\" \/><\/span><span class=\"wpcf7-form-control-wrap your-email\"><input type=\"email\" name=\"your-email\" value=\"\" size=\"40\" class=\"wpcf7-form-control wpcf7-text wpcf7-email wpcf7-validates-as-required wpcf7-validates-as-email\" aria-required=\"true\" aria-invalid=\"false\" placeholder=\"Emaille\" \/><\/span><br \/>\n<span class=\"wpcf7-form-control-wrap your-message\"><textarea name=\"your-message\" cols=\"40\" rows=\"10\" class=\"wpcf7-form-control wpcf7-textarea wpcf7-validates-as-required\" aria-required=\"true\" aria-invalid=\"false\" placeholder=\"Nachrichteninhalte\"><\/textarea><\/span><br \/>\n<input type=\"submit\" value=\"Senden\" class=\"wpcf7-form-control wpcf7-submit\" \/><\/p>\n<input type='hidden' class='wpcf7-pum' value='{\"closepopup\":false,\"closedelay\":0,\"openpopup\":false,\"openpopup_id\":0}' \/><div class=\"wpcf7-response-output wpcf7-display-none\" aria-hidden=\"true\"><\/div><\/form><\/div><\/div><div class='clear_column'><\/div>\n<p><\/p>","protected":false},"excerpt":{"rendered":"<p>Kontakt informationen<\/p>\n","protected":false},"author":1,"featured_media":0,"parent":0,"menu_order":22,"comment_status":"closed","ping_status":"closed","template":"","meta":[],"_links":{"self":[{"href":"https:\/\/metcomp.cz\/de\/wp-json\/wp\/v2\/pages\/62"}],"collection":[{"href":"https:\/\/metcomp.cz\/de\/wp-json\/wp\/v2\/pages"}],"about":[{"href":"https:\/\/metcomp.cz\/de\/wp-json\/wp\/v2\/types\/page"}],"author":[{"embeddable":true,"href":"https:\/\/metcomp.cz\/de\/wp-json\/wp\/v2\/users\/1"}],"replies":[{"embeddable":true,"href":"https:\/\/metcomp.cz\/de\/wp-json\/wp\/v2\/comments?post=62"}],"version-history":[{"count":104,"href":"https:\/\/metcomp.cz\/de\/wp-json\/wp\/v2\/pages\/62\/revisions"}],"predecessor-version":[{"id":983,"href":"https:\/\/metcomp.cz\/de\/wp-json\/wp\/v2\/pages\/62\/revisions\/983"}],"wp:attachment":[{"href":"https:\/\/metcomp.cz\/de\/wp-json\/wp\/v2\/media?parent=62"}],"curies":[{"name":"wp","href":"https:\/\/api.w.org\/{rel}","templated":true}]}}