{"id":719,"date":"2016-10-12T04:48:15","date_gmt":"2016-10-12T04:48:15","guid":{"rendered":"http:\/\/metcomp.cz\/?page_id=719"},"modified":"2016-11-07T22:25:01","modified_gmt":"2016-11-07T22:25:01","slug":"roboticke-svarovani","status":"publish","type":"page","link":"https:\/\/metcomp.cz\/de\/technologien\/schweissroboter\/","title":{"rendered":"Schweissroboter"},"content":{"rendered":"<p>[vc_row][vc_column width=&#8220;1\/3&#8243;][vc_single_image image=&#8220;871&#8243; img_size=&#8220;full&#8220; onclick=&#8220;link_image&#8220;][\/vc_column][vc_column width=&#8220;2\/3&#8243;][vc_column_text]<\/p>\n<h2>SCHWEISSROBOTER (ABB)<\/h2>\n<ul>\n<ul>\n<li><span style=\"font-size: 16px;\">Ma\u00dfe des Schwei\u00dfteils 1000&#215;6000 mm<\/span><\/li>\n<li><span style=\"font-size: 16px;\">Gewicht des Schwei\u00dfteils 1000 kg<\/span><\/li>\n<li><span style=\"font-size: 16px;\">MIG\/MAG-Verfahren Kurzschluss\/Puls\/SAT<\/span><\/li>\n<li><span style=\"font-size: 16px;\">Zwei Schwei\u00dfarme<\/span><\/li>\n<\/ul>\n<\/ul>\n<h2>SCHWEISSROBOTER (VALK WELDING)<\/h2>\n<ul>\n<ul>\n<li><span style=\"font-size: 16px;\">Ma\u00dfe des Schwei\u00dfteils 2500&#215;2500 mm<\/span><\/li>\n<li><span style=\"font-size: 16px;\">Gewicht des Schwei\u00dfteils 500 kg<\/span><\/li>\n<li><span style=\"font-size: 16px;\">MIG\/MAG-Verfahren Kurzschluss\/Puls\/SAT<\/span><\/li>\n<li><span style=\"font-size: 16px;\">Ein Schwei\u00dfarme Reise<\/span><\/li>\n<\/ul>\n<\/ul>\n<h2>SCHWEISSROBOTER (OTC)<\/h2>\n<ul>\n<ul>\n<li><span style=\"font-size: 16px;\">Ma\u00dfe des Schwei\u00dfteils 1000&#215;1000 mm<\/span><\/li>\n<li><span style=\"font-size: 16px;\">Gewicht des Schwei\u00dfteils 500 kg<\/span><\/li>\n<li><span style=\"font-size: 16px;\">MIG\/MAG-Verfahren Kurzschluss\/Puls<\/span><\/li>\n<li><span style=\"font-size: 16px;\">Ein Schwei\u00dfarm<\/span><\/li>\n<\/ul>\n<\/ul>\n<p>[\/vc_column_text][\/vc_column][\/vc_row][vc_row][vc_column][vc_empty_space height=&#8220;12px&#8220;][\/vc_column][\/vc_row][vc_row][vc_column][vc_gallery type=&#8220;image_grid&#8220; images=&#8220;865,866,867,868,869,870&#8243; img_size=&#8220;290&#215;195&#8243;][\/vc_column][\/vc_row]<\/p>","protected":false},"excerpt":{"rendered":"<p>[vc_row][vc_column width=&#8220;1\/3&#8243;][vc_single_image image=&#8220;871&#8243; img_size=&#8220;full&#8220; onclick=&#8220;link_image&#8220;][\/vc_column][vc_column width=&#8220;2\/3&#8243;][vc_column_text] SCHWEISSROBOTER (ABB) Ma\u00dfe des Schwei\u00dfteils 1000&#215;6000 mm Gewicht des Schwei\u00dfteils 1000 kg MIG\/MAG-Verfahren Kurzschluss\/Puls\/SAT Zwei Schwei\u00dfarme SCHWEISSROBOTER (VALK WELDING) Ma\u00dfe des Schwei\u00dfteils 2500&#215;2500 mm Gewicht des Schwei\u00dfteils 500 kg MIG\/MAG-Verfahren Kurzschluss\/Puls\/SAT Ein Schwei\u00dfarme Reise SCHWEISSROBOTER (OTC) Ma\u00dfe des Schwei\u00dfteils 1000&#215;1000 mm Gewicht des Schwei\u00dfteils 500 kg MIG\/MAG-Verfahren Kurzschluss\/Puls Ein [&hellip;]<\/p>\n","protected":false},"author":1,"featured_media":0,"parent":249,"menu_order":7,"comment_status":"closed","ping_status":"closed","template":"","meta":[],"_links":{"self":[{"href":"https:\/\/metcomp.cz\/de\/wp-json\/wp\/v2\/pages\/719"}],"collection":[{"href":"https:\/\/metcomp.cz\/de\/wp-json\/wp\/v2\/pages"}],"about":[{"href":"https:\/\/metcomp.cz\/de\/wp-json\/wp\/v2\/types\/page"}],"author":[{"embeddable":true,"href":"https:\/\/metcomp.cz\/de\/wp-json\/wp\/v2\/users\/1"}],"replies":[{"embeddable":true,"href":"https:\/\/metcomp.cz\/de\/wp-json\/wp\/v2\/comments?post=719"}],"version-history":[{"count":16,"href":"https:\/\/metcomp.cz\/de\/wp-json\/wp\/v2\/pages\/719\/revisions"}],"predecessor-version":[{"id":911,"href":"https:\/\/metcomp.cz\/de\/wp-json\/wp\/v2\/pages\/719\/revisions\/911"}],"up":[{"embeddable":true,"href":"https:\/\/metcomp.cz\/de\/wp-json\/wp\/v2\/pages\/249"}],"wp:attachment":[{"href":"https:\/\/metcomp.cz\/de\/wp-json\/wp\/v2\/media?parent=719"}],"curies":[{"name":"wp","href":"https:\/\/api.w.org\/{rel}","templated":true}]}}