{"id":762,"date":"2016-10-20T03:04:23","date_gmt":"2016-10-20T03:04:23","guid":{"rendered":"http:\/\/metcomp.cz\/?page_id=762"},"modified":"2016-11-07T22:29:27","modified_gmt":"2016-11-07T22:29:27","slug":"vrtani","status":"publish","type":"page","link":"https:\/\/metcomp.cz\/de\/technologien\/bohren\/","title":{"rendered":"Bohren"},"content":{"rendered":"<p>[vc_row][vc_column width=&#8220;1\/3&#8243;][vc_single_image image=&#8220;896&#8243; img_size=&#8220;full&#8220; onclick=&#8220;link_image&#8220;][\/vc_column][vc_column width=&#8220;2\/3&#8243;][vc_column_text]<\/p>\n<h2>Bohren<\/h2>\n<ul>\n<li><span style=\"font-size: 16px;\">Werkst\u00fcckl\u00e4nge 15 m<\/span><\/li>\n<li><span style=\"font-size: 16px;\">Werkst\u00fcckma\u00dfe 1200&#215;1200 mm<\/span><\/li>\n<li><span style=\"font-size: 16px;\">Bohrdurchmesser max. D40<\/span><\/li>\n<li><span style=\"font-size: 16px;\">Bohren mit Karbidbohrer, Pr\u00e4gen, Fr\u00e4sen, Gewindebohren<\/span><\/li>\n<\/ul>\n<p>[\/vc_column_text][\/vc_column][\/vc_row][vc_row][vc_column][vc_empty_space height=&#8220;12px&#8220;][\/vc_column][\/vc_row][vc_row][vc_column][vc_gallery type=&#8220;image_grid&#8220; images=&#8220;894,895&#8243; img_size=&#8220;290&#215;195&#8243;][\/vc_column][\/vc_row]<\/p>","protected":false},"excerpt":{"rendered":"<p>[vc_row][vc_column width=&#8220;1\/3&#8243;][vc_single_image image=&#8220;896&#8243; img_size=&#8220;full&#8220; onclick=&#8220;link_image&#8220;][\/vc_column][vc_column width=&#8220;2\/3&#8243;][vc_column_text] Bohren Werkst\u00fcckl\u00e4nge 15 m Werkst\u00fcckma\u00dfe 1200&#215;1200 mm Bohrdurchmesser max. D40 Bohren mit Karbidbohrer, Pr\u00e4gen, Fr\u00e4sen, Gewindebohren [\/vc_column_text][\/vc_column][\/vc_row][vc_row][vc_column][vc_empty_space height=&#8220;12px&#8220;][\/vc_column][\/vc_row][vc_row][vc_column][vc_gallery type=&#8220;image_grid&#8220; images=&#8220;894,895&#8243; img_size=&#8220;290&#215;195&#8243;][\/vc_column][\/vc_row]<\/p>\n","protected":false},"author":1,"featured_media":0,"parent":249,"menu_order":5,"comment_status":"closed","ping_status":"closed","template":"","meta":[],"_links":{"self":[{"href":"https:\/\/metcomp.cz\/de\/wp-json\/wp\/v2\/pages\/762"}],"collection":[{"href":"https:\/\/metcomp.cz\/de\/wp-json\/wp\/v2\/pages"}],"about":[{"href":"https:\/\/metcomp.cz\/de\/wp-json\/wp\/v2\/types\/page"}],"author":[{"embeddable":true,"href":"https:\/\/metcomp.cz\/de\/wp-json\/wp\/v2\/users\/1"}],"replies":[{"embeddable":true,"href":"https:\/\/metcomp.cz\/de\/wp-json\/wp\/v2\/comments?post=762"}],"version-history":[{"count":3,"href":"https:\/\/metcomp.cz\/de\/wp-json\/wp\/v2\/pages\/762\/revisions"}],"predecessor-version":[{"id":918,"href":"https:\/\/metcomp.cz\/de\/wp-json\/wp\/v2\/pages\/762\/revisions\/918"}],"up":[{"embeddable":true,"href":"https:\/\/metcomp.cz\/de\/wp-json\/wp\/v2\/pages\/249"}],"wp:attachment":[{"href":"https:\/\/metcomp.cz\/de\/wp-json\/wp\/v2\/media?parent=762"}],"curies":[{"name":"wp","href":"https:\/\/api.w.org\/{rel}","templated":true}]}}