{"id":409,"date":"2016-10-02T21:54:34","date_gmt":"2016-10-02T21:54:34","guid":{"rendered":"http:\/\/meonix.com\/temp\/mc\/?page_id=409"},"modified":"2016-10-02T21:55:59","modified_gmt":"2016-10-02T21:55:59","slug":"registracni-dotaznik","status":"publish","type":"page","link":"https:\/\/metcomp.cz\/en\/registracni-dotaznik\/","title":{"rendered":"Registra\u010dn\u00ed dotazn\u00edk"},"content":{"rendered":"<p class=\"qtranxs-available-languages-message qtranxs-available-languages-message-en\">Sorry, this entry is only available in <a href=\"https:\/\/metcomp.cz\/cs\/wp-json\/wp\/v2\/pages\/409\" class=\"qtranxs-available-language-link qtranxs-available-language-link-cs\" title=\"\u010ce\u0161tina\">Czech<\/a>.<\/p>","protected":false},"excerpt":{"rendered":"Sorry, this entry is only available in Czech.","protected":false},"author":1,"featured_media":0,"parent":0,"menu_order":16,"comment_status":"closed","ping_status":"closed","template":"","meta":[],"_links":{"self":[{"href":"https:\/\/metcomp.cz\/en\/wp-json\/wp\/v2\/pages\/409"}],"collection":[{"href":"https:\/\/metcomp.cz\/en\/wp-json\/wp\/v2\/pages"}],"about":[{"href":"https:\/\/metcomp.cz\/en\/wp-json\/wp\/v2\/types\/page"}],"author":[{"embeddable":true,"href":"https:\/\/metcomp.cz\/en\/wp-json\/wp\/v2\/users\/1"}],"replies":[{"embeddable":true,"href":"https:\/\/metcomp.cz\/en\/wp-json\/wp\/v2\/comments?post=409"}],"version-history":[{"count":2,"href":"https:\/\/metcomp.cz\/en\/wp-json\/wp\/v2\/pages\/409\/revisions"}],"predecessor-version":[{"id":412,"href":"https:\/\/metcomp.cz\/en\/wp-json\/wp\/v2\/pages\/409\/revisions\/412"}],"wp:attachment":[{"href":"https:\/\/metcomp.cz\/en\/wp-json\/wp\/v2\/media?parent=409"}],"curies":[{"name":"wp","href":"https:\/\/api.w.org\/{rel}","templated":true}]}}